{"id":37,"date":"2023-02-08T08:51:38","date_gmt":"2023-02-08T08:51:38","guid":{"rendered":"https:\/\/stagingsixrivers.com\/?page_id=37"},"modified":"2023-03-20T11:49:00","modified_gmt":"2023-03-20T11:49:00","slug":"news-gallery","status":"publish","type":"page","link":"https:\/\/stagingsixrivers.com\/is\/news-gallery\/","title":{"rendered":"News &amp; gallery"},"content":{"rendered":"<div data-elementor-type=\"wp-page\" data-elementor-id=\"37\" class=\"elementor elementor-37\">\n\t\t\t\t\t\t\t\t\t<section class=\"elementor-section elementor-top-section elementor-element elementor-element-5ea8841 elementor-section-boxed elementor-section-height-default elementor-section-height-default\" data-id=\"5ea8841\" data-element_type=\"section\">\n\t\t\t\t\t\t<div class=\"elementor-container elementor-column-gap-no\">\n\t\t\t\t\t<div class=\"elementor-column elementor-col-100 elementor-top-column elementor-element elementor-element-1da2f25\" data-id=\"1da2f25\" data-element_type=\"column\">\n\t\t\t<div class=\"elementor-widget-wrap elementor-element-populated\">\n\t\t\t\t\t\t\t\t<div class=\"elementor-element elementor-element-000ee6e elementor-widget elementor-widget-heading\" data-id=\"000ee6e\" data-element_type=\"widget\" data-widget_type=\"heading.default\">\n\t\t\t\t<div class=\"elementor-widget-container\">\n\t\t\t<style>\/*! elementor - v3.12.2 - 23-04-2023 *\/\n.elementor-heading-title{padding:0;margin:0;line-height:1}.elementor-widget-heading .elementor-heading-title[class*=elementor-size-]>a{color:inherit;font-size:inherit;line-height:inherit}.elementor-widget-heading .elementor-heading-title.elementor-size-small{font-size:15px}.elementor-widget-heading .elementor-heading-title.elementor-size-medium{font-size:19px}.elementor-widget-heading .elementor-heading-title.elementor-size-large{font-size:29px}.elementor-widget-heading .elementor-heading-title.elementor-size-xl{font-size:39px}.elementor-widget-heading .elementor-heading-title.elementor-size-xxl{font-size:59px}<\/style><h2 class=\"elementor-heading-title elementor-size-default\">News &amp; Gallery<\/h2>\t\t<\/div>\n\t\t\t\t<\/div>\n\t\t\t\t<div class=\"elementor-element elementor-element-56cbeee elementor-grid-2 elementor-grid-tablet-1 elementor-posts--align-left newsposts elementor-grid-mobile-1 elementor-posts--thumbnail-top elementor-posts__hover-gradient elementor-invisible elementor-widget elementor-widget-posts\" data-id=\"56cbeee\" data-element_type=\"widget\" data-settings=\"{&quot;cards_columns&quot;:&quot;2&quot;,&quot;cards_columns_tablet&quot;:&quot;1&quot;,&quot;cards_row_gap&quot;:{&quot;unit&quot;:&quot;px&quot;,&quot;size&quot;:40,&quot;sizes&quot;:[]},&quot;cards_row_gap_mobile&quot;:{&quot;unit&quot;:&quot;px&quot;,&quot;size&quot;:0,&quot;sizes&quot;:[]},&quot;pagination_type&quot;:&quot;numbers_and_prev_next&quot;,&quot;_animation&quot;:&quot;fadeInUp&quot;,&quot;cards_columns_mobile&quot;:&quot;1&quot;,&quot;cards_row_gap_tablet&quot;:{&quot;unit&quot;:&quot;px&quot;,&quot;size&quot;:&quot;&quot;,&quot;sizes&quot;:[]}}\" data-widget_type=\"posts.cards\">\n\t\t\t\t<div class=\"elementor-widget-container\">\n\t\t\t<link rel=\"stylesheet\" href=\"https:\/\/stagingsixrivers.com\/wp-content\/plugins\/elementor-pro\/assets\/css\/widget-posts.min.css\">\t\t<div class=\"elementor-posts-container elementor-posts elementor-posts--skin-cards elementor-grid\">\n\t\t\t\t<article class=\"elementor-post elementor-grid-item post-510 post type-post status-publish format-standard has-post-thumbnail hentry category-conservation\">\n\t\t\t<div class=\"elementor-post__card\">\n\t\t\t\t<a class=\"elementor-post__thumbnail__link\" href=\"https:\/\/stagingsixrivers.com\/is\/ten-thousand-plants-planted-this-summer-11\/\" ><div class=\"elementor-post__thumbnail\"><img width=\"1024\" height=\"737\" src=\"https:\/\/stagingsixrivers.com\/wp-content\/uploads\/2023\/02\/Screenshot-2021-04-08-at-10.50.25-1024x737-1.png\" class=\"attachment-full size-full wp-image-2296\" alt=\"\" decoding=\"async\" loading=\"lazy\" srcset=\"https:\/\/stagingsixrivers.com\/wp-content\/uploads\/2023\/02\/Screenshot-2021-04-08-at-10.50.25-1024x737-1.png 1024w, https:\/\/stagingsixrivers.com\/wp-content\/uploads\/2023\/02\/Screenshot-2021-04-08-at-10.50.25-1024x737-1-300x216.png 300w, https:\/\/stagingsixrivers.com\/wp-content\/uploads\/2023\/02\/Screenshot-2021-04-08-at-10.50.25-1024x737-1-768x553.png 768w\" sizes=\"(max-width: 1024px) 100vw, 1024px\" \/><\/div><\/a>\n\t\t\t\t<div class=\"elementor-post__badge\">Verndun<\/div>\n\t\t\t\t<div class=\"elementor-post__text\">\n\t\t\t\t<h3 class=\"elementor-post__title\">\n\t\t\t<a href=\"https:\/\/stagingsixrivers.com\/is\/ten-thousand-plants-planted-this-summer-11\/\" >\n\t\t\t\tTen thousand plants planted this summer\t\t\t<\/a>\n\t\t<\/h3>\n\t\t\t\t\t<div class=\"elementor-post__read-more-wrapper\">\n\t\t\n\t\t<a class=\"elementor-post__read-more\" href=\"https:\/\/stagingsixrivers.com\/is\/ten-thousand-plants-planted-this-summer-11\/\" aria-label=\"Read more about Ten thousand plants planted this summer\" >\n\t\t\tRead More\t\t<\/a>\n\n\t\t\t\t\t<\/div>\n\t\t\t\t<\/div>\n\t\t\t\t\t<\/div>\n\t\t<\/article>\n\t\t\t\t<article class=\"elementor-post elementor-grid-item post-509 post type-post status-publish format-standard has-post-thumbnail hentry category-conservation\">\n\t\t\t<div class=\"elementor-post__card\">\n\t\t\t\t<a class=\"elementor-post__thumbnail__link\" href=\"https:\/\/stagingsixrivers.com\/is\/about-farm-transactions\/\" ><div class=\"elementor-post__thumbnail\"><img width=\"1024\" height=\"683\" src=\"https:\/\/stagingsixrivers.com\/wp-content\/uploads\/2023\/02\/bbl-gisli-edit-1024x683-1.jpeg\" class=\"attachment-full size-full wp-image-2297\" alt=\"\" decoding=\"async\" loading=\"lazy\" srcset=\"https:\/\/stagingsixrivers.com\/wp-content\/uploads\/2023\/02\/bbl-gisli-edit-1024x683-1.jpeg 1024w, https:\/\/stagingsixrivers.com\/wp-content\/uploads\/2023\/02\/bbl-gisli-edit-1024x683-1-300x200.jpeg 300w, https:\/\/stagingsixrivers.com\/wp-content\/uploads\/2023\/02\/bbl-gisli-edit-1024x683-1-768x512.jpeg 768w\" sizes=\"(max-width: 1024px) 100vw, 1024px\" \/><\/div><\/a>\n\t\t\t\t<div class=\"elementor-post__badge\">Verndun<\/div>\n\t\t\t\t<div class=\"elementor-post__text\">\n\t\t\t\t<h3 class=\"elementor-post__title\">\n\t\t\t<a href=\"https:\/\/stagingsixrivers.com\/is\/about-farm-transactions\/\" >\n\t\t\t\tAbout farm transactions\t\t\t<\/a>\n\t\t<\/h3>\n\t\t\t\t\t<div class=\"elementor-post__read-more-wrapper\">\n\t\t\n\t\t<a class=\"elementor-post__read-more\" href=\"https:\/\/stagingsixrivers.com\/is\/about-farm-transactions\/\" aria-label=\"Read more about About farm transactions\" >\n\t\t\tRead More\t\t<\/a>\n\n\t\t\t\t\t<\/div>\n\t\t\t\t<\/div>\n\t\t\t\t\t<\/div>\n\t\t<\/article>\n\t\t\t\t<article class=\"elementor-post elementor-grid-item post-508 post type-post status-publish format-standard has-post-thumbnail hentry category-conservation\">\n\t\t\t<div class=\"elementor-post__card\">\n\t\t\t\t<a class=\"elementor-post__thumbnail__link\" href=\"https:\/\/stagingsixrivers.com\/is\/videos-of-lectures-for-the-annual-salmon-symposium\/\" ><div class=\"elementor-post__thumbnail\"><img width=\"1024\" height=\"683\" src=\"https:\/\/stagingsixrivers.com\/wp-content\/uploads\/2023\/02\/T7A6577-2048x1365-1-1024x683-1.jpeg\" class=\"attachment-full size-full wp-image-2298\" alt=\"\" decoding=\"async\" loading=\"lazy\" srcset=\"https:\/\/stagingsixrivers.com\/wp-content\/uploads\/2023\/02\/T7A6577-2048x1365-1-1024x683-1.jpeg 1024w, https:\/\/stagingsixrivers.com\/wp-content\/uploads\/2023\/02\/T7A6577-2048x1365-1-1024x683-1-300x200.jpeg 300w, https:\/\/stagingsixrivers.com\/wp-content\/uploads\/2023\/02\/T7A6577-2048x1365-1-1024x683-1-768x512.jpeg 768w\" sizes=\"(max-width: 1024px) 100vw, 1024px\" \/><\/div><\/a>\n\t\t\t\t<div class=\"elementor-post__badge\">Verndun<\/div>\n\t\t\t\t<div class=\"elementor-post__text\">\n\t\t\t\t<h3 class=\"elementor-post__title\">\n\t\t\t<a href=\"https:\/\/stagingsixrivers.com\/is\/videos-of-lectures-for-the-annual-salmon-symposium\/\" >\n\t\t\t\tVideos of lectures for the annual Salmon Symposium\t\t\t<\/a>\n\t\t<\/h3>\n\t\t\t\t\t<div class=\"elementor-post__read-more-wrapper\">\n\t\t\n\t\t<a class=\"elementor-post__read-more\" href=\"https:\/\/stagingsixrivers.com\/is\/videos-of-lectures-for-the-annual-salmon-symposium\/\" aria-label=\"Read more about Videos of lectures for the annual Salmon Symposium\" >\n\t\t\tRead More\t\t<\/a>\n\n\t\t\t\t\t<\/div>\n\t\t\t\t<\/div>\n\t\t\t\t\t<\/div>\n\t\t<\/article>\n\t\t\t\t<article class=\"elementor-post elementor-grid-item post-507 post type-post status-publish format-standard has-post-thumbnail hentry category-conservation\">\n\t\t\t<div class=\"elementor-post__card\">\n\t\t\t\t<a class=\"elementor-post__thumbnail__link\" href=\"https:\/\/stagingsixrivers.com\/is\/experts-pledge-to-act\/\" ><div class=\"elementor-post__thumbnail\"><img width=\"1024\" height=\"629\" src=\"https:\/\/stagingsixrivers.com\/wp-content\/uploads\/2023\/02\/034_32087417_1236360773161322_2438274795322736640_o_Conseration-1024x629-1.jpg\" class=\"attachment-full size-full wp-image-2299\" alt=\"\" decoding=\"async\" loading=\"lazy\" srcset=\"https:\/\/stagingsixrivers.com\/wp-content\/uploads\/2023\/02\/034_32087417_1236360773161322_2438274795322736640_o_Conseration-1024x629-1.jpg 1024w, https:\/\/stagingsixrivers.com\/wp-content\/uploads\/2023\/02\/034_32087417_1236360773161322_2438274795322736640_o_Conseration-1024x629-1-300x184.jpg 300w, https:\/\/stagingsixrivers.com\/wp-content\/uploads\/2023\/02\/034_32087417_1236360773161322_2438274795322736640_o_Conseration-1024x629-1-768x472.jpg 768w\" sizes=\"(max-width: 1024px) 100vw, 1024px\" \/><\/div><\/a>\n\t\t\t\t<div class=\"elementor-post__badge\">Verndun<\/div>\n\t\t\t\t<div class=\"elementor-post__text\">\n\t\t\t\t<h3 class=\"elementor-post__title\">\n\t\t\t<a href=\"https:\/\/stagingsixrivers.com\/is\/experts-pledge-to-act\/\" >\n\t\t\t\tExperts pledge to act\t\t\t<\/a>\n\t\t<\/h3>\n\t\t\t\t\t<div class=\"elementor-post__read-more-wrapper\">\n\t\t\n\t\t<a class=\"elementor-post__read-more\" href=\"https:\/\/stagingsixrivers.com\/is\/experts-pledge-to-act\/\" aria-label=\"Read more about Experts pledge to act\" >\n\t\t\tRead More\t\t<\/a>\n\n\t\t\t\t\t<\/div>\n\t\t\t\t<\/div>\n\t\t\t\t\t<\/div>\n\t\t<\/article>\n\t\t\t\t<\/div>\n\t\t\n\t\t\t\t<\/div>\n\t\t\t\t<\/div>\n\t\t\t\t\t<\/div>\n\t\t<\/div>\n\t\t\t\t\t\t\t<\/div>\n\t\t<\/section>\n\t\t\t\t<section class=\"elementor-section elementor-top-section elementor-element elementor-element-566e3e0 elementor-section-full_width elementor-section-height-default elementor-section-height-default\" data-id=\"566e3e0\" data-element_type=\"section\">\n\t\t\t\t\t\t<div class=\"elementor-container elementor-column-gap-no\">\n\t\t\t\t\t<div class=\"elementor-column elementor-col-100 elementor-top-column elementor-element elementor-element-c8085e6\" data-id=\"c8085e6\" data-element_type=\"column\">\n\t\t\t<div class=\"elementor-widget-wrap elementor-element-populated\">\n\t\t\t\t\t\t\t\t<div class=\"elementor-element elementor-element-729ab5f elementor-widget elementor-widget-template\" data-id=\"729ab5f\" data-element_type=\"widget\" data-widget_type=\"template.default\">\n\t\t\t\t<div class=\"elementor-widget-container\">\n\t\t\t\t\t<div class=\"elementor-template\">\n\t\t\t\t\t<div data-elementor-type=\"section\" data-elementor-id=\"156\" class=\"elementor elementor-156\">\n\t\t\t\t\t\t\t\t<section class=\"elementor-section elementor-top-section elementor-element elementor-element-b8116f0 elementor-section-full_width elementor-section-height-min-height elementor-section-items-stretch elementor-section-height-default\" data-id=\"b8116f0\" data-element_type=\"section\">\n\t\t\t\t\t\t<div class=\"elementor-container elementor-column-gap-no\">\n\t\t\t\t\t<div class=\"elementor-column elementor-col-50 elementor-top-column elementor-element elementor-element-b49eaf7\" data-id=\"b49eaf7\" data-element_type=\"column\" data-settings=\"{&quot;background_background&quot;:&quot;classic&quot;}\">\n\t\t\t<div class=\"elementor-widget-wrap elementor-element-populated\">\n\t\t\t\t\t<div class=\"elementor-background-overlay\"><\/div>\n\t\t\t\t\t\t\t\t<div class=\"elementor-element elementor-element-b61b4f1 StayBigFont elementor-invisible elementor-widget elementor-widget-heading\" data-id=\"b61b4f1\" data-element_type=\"widget\" data-settings=\"{&quot;_animation&quot;:&quot;fadeInLeft&quot;}\" data-widget_type=\"heading.default\">\n\t\t\t\t<div class=\"elementor-widget-container\">\n\t\t\t<h1 class=\"elementor-heading-title elementor-size-default\">iceland<\/h1>\t\t<\/div>\n\t\t\t\t<\/div>\n\t\t\t\t<div class=\"elementor-element elementor-element-7e65f18 elementor-widget__width-initial elementor-invisible elementor-widget elementor-widget-text-editor\" data-id=\"7e65f18\" data-element_type=\"widget\" data-settings=\"{&quot;_animation&quot;:&quot;fadeInLeft&quot;}\" data-widget_type=\"text-editor.default\">\n\t\t\t\t<div class=\"elementor-widget-container\">\n\t\t\t<style>\/*! elementor - v3.12.2 - 23-04-2023 *\/\n.elementor-widget-text-editor.elementor-drop-cap-view-stacked .elementor-drop-cap{background-color:#69727d;color:#fff}.elementor-widget-text-editor.elementor-drop-cap-view-framed .elementor-drop-cap{color:#69727d;border:3px solid;background-color:transparent}.elementor-widget-text-editor:not(.elementor-drop-cap-view-default) .elementor-drop-cap{margin-top:8px}.elementor-widget-text-editor:not(.elementor-drop-cap-view-default) .elementor-drop-cap-letter{width:1em;height:1em}.elementor-widget-text-editor .elementor-drop-cap{float:left;text-align:center;line-height:1;font-size:50px}.elementor-widget-text-editor .elementor-drop-cap-letter{display:inline-block}<\/style>\t\t\t\t<p>Six Rivers Iceland is a not-for-profit conservation programme, which seeks to reverse the decline of the Atlantic salmon.\u202f<\/p>\t\t\t\t\t\t<\/div>\n\t\t\t\t<\/div>\n\t\t\t\t<div class=\"elementor-element elementor-element-eccc64a elementor-align-left whiteBorderBtn elementor-invisible elementor-widget elementor-widget-button\" data-id=\"eccc64a\" data-element_type=\"widget\" data-settings=\"{&quot;_animation&quot;:&quot;fadeInLeft&quot;}\" data-widget_type=\"button.default\">\n\t\t\t\t<div class=\"elementor-widget-container\">\n\t\t\t\t\t<div class=\"elementor-button-wrapper\">\n\t\t\t<a href=\"https:\/\/stagingsixrivers.com\/is\/iceland\/\" class=\"elementor-button-link elementor-button elementor-size-sm\" role=\"button\">\n\t\t\t\t\t\t<span class=\"elementor-button-content-wrapper\">\n\t\t\t\t\t\t<span class=\"elementor-button-text\">Lesa meira<\/span>\n\t\t<\/span>\n\t\t\t\t\t<\/a>\n\t\t<\/div>\n\t\t\t\t<\/div>\n\t\t\t\t<\/div>\n\t\t\t\t\t<\/div>\n\t\t<\/div>\n\t\t\t\t<div class=\"elementor-column elementor-col-50 elementor-top-column elementor-element elementor-element-11879e8\" data-id=\"11879e8\" data-element_type=\"column\" data-settings=\"{&quot;background_background&quot;:&quot;classic&quot;}\">\n\t\t\t<div class=\"elementor-widget-wrap elementor-element-populated\">\n\t\t\t\t\t<div class=\"elementor-background-overlay\"><\/div>\n\t\t\t\t\t\t\t\t<div class=\"elementor-element elementor-element-8b5c6a8 StayBigFont elementor-invisible elementor-widget elementor-widget-heading\" data-id=\"8b5c6a8\" data-element_type=\"widget\" data-settings=\"{&quot;_animation&quot;:&quot;fadeInRight&quot;}\" data-widget_type=\"heading.default\">\n\t\t\t\t<div class=\"elementor-widget-container\">\n\t\t\t<h1 class=\"elementor-heading-title elementor-size-default\">afr\u00edku<\/h1>\t\t<\/div>\n\t\t\t\t<\/div>\n\t\t\t\t<div class=\"elementor-element elementor-element-31c5515 elementor-widget__width-initial elementor-invisible elementor-widget elementor-widget-text-editor\" data-id=\"31c5515\" data-element_type=\"widget\" data-settings=\"{&quot;_animation&quot;:&quot;fadeInRight&quot;}\" data-widget_type=\"text-editor.default\">\n\t\t\t\t<div class=\"elementor-widget-container\">\n\t\t\t\t\t\t\t<p>Six Rivers Afr\u00edka er \u00f3hagsmunadrifi\u00f0 n\u00e1tt\u00faruverndarverkefni sem leitast vi\u00f0 a\u00f0 skilja, vernda og efla l\u00edffr\u00e6\u00f0ilegan fj\u00f6lbreytileika \u00ed votlendi og fyrrum vei\u00f0isv\u00e6\u00f0um \u00ed Su\u00f0ur Tansan\u00edu.<\/p>\t\t\t\t\t\t<\/div>\n\t\t\t\t<\/div>\n\t\t\t\t<div class=\"elementor-element elementor-element-f720589 elementor-align-left whiteBorderBtn elementor-invisible elementor-widget elementor-widget-button\" data-id=\"f720589\" data-element_type=\"widget\" data-settings=\"{&quot;_animation&quot;:&quot;fadeInRight&quot;}\" data-widget_type=\"button.default\">\n\t\t\t\t<div class=\"elementor-widget-container\">\n\t\t\t\t\t<div class=\"elementor-button-wrapper\">\n\t\t\t<a href=\"https:\/\/stagingsixrivers.com\/is\/africa\/\" class=\"elementor-button-link elementor-button elementor-size-sm\" role=\"button\">\n\t\t\t\t\t\t<span class=\"elementor-button-content-wrapper\">\n\t\t\t\t\t\t<span class=\"elementor-button-text\">Lesa meira<\/span>\n\t\t<\/span>\n\t\t\t\t\t<\/a>\n\t\t<\/div>\n\t\t\t\t<\/div>\n\t\t\t\t<\/div>\n\t\t\t\t\t<\/div>\n\t\t<\/div>\n\t\t\t\t\t\t\t<\/div>\n\t\t<\/section>\n\t\t\t\t\t\t<\/div>\n\t\t\t\t<\/div>\n\t\t\t\t<\/div>\n\t\t\t\t<\/div>\n\t\t\t\t\t<\/div>\n\t\t<\/div>\n\t\t\t\t\t\t\t<\/div>\n\t\t<\/section>\n\t\t\t\t\t\t\t<\/div>","protected":false},"excerpt":{"rendered":"<p>News &amp; Gallery<\/p>","protected":false},"author":1,"featured_media":0,"parent":0,"menu_order":0,"comment_status":"closed","ping_status":"closed","template":"elementor_header_footer","meta":{"inline_featured_image":false},"acf":[],"yoast_head":"<!-- This site is optimized with the Yoast SEO plugin v20.6 - https:\/\/yoast.com\/wordpress\/plugins\/seo\/ -->\n<title>News &amp; gallery - stagingsixrivers.com<\/title>\n<meta name=\"description\" content=\"In addition to it&#039;s conservation efforts, Iceland remains a breath-taking and picturesque country filled with plenty of natural wonder.\" \/>\n<meta name=\"robots\" content=\"noindex, follow, max-snippet:-1, max-image-preview:large, max-video-preview:-1\" \/>\n<meta property=\"og:locale\" content=\"is_IS\" \/>\n<meta property=\"og:type\" content=\"article\" \/>\n<meta property=\"og:title\" content=\"News &amp; gallery - stagingsixrivers.com\" \/>\n<meta property=\"og:description\" content=\"In addition to it&#039;s conservation efforts, Iceland remains a breath-taking and picturesque country filled with plenty of natural wonder.\" \/>\n<meta property=\"og:url\" content=\"https:\/\/stagingsixrivers.com\/is\/news-gallery\/\" \/>\n<meta property=\"og:site_name\" content=\"stagingsixrivers.com\" \/>\n<meta property=\"article:modified_time\" content=\"2023-03-20T11:49:00+00:00\" \/>\n<meta name=\"twitter:card\" content=\"summary_large_image\" \/>\n<script type=\"application\/ld+json\" class=\"yoast-schema-graph\">{\"@context\":\"https:\/\/schema.org\",\"@graph\":[{\"@type\":\"WebPage\",\"@id\":\"https:\/\/stagingsixrivers.com\/news-gallery\/\",\"url\":\"https:\/\/stagingsixrivers.com\/news-gallery\/\",\"name\":\"News &amp; gallery - stagingsixrivers.com\",\"isPartOf\":{\"@id\":\"https:\/\/stagingsixrivers.com\/#website\"},\"datePublished\":\"2023-02-08T08:51:38+00:00\",\"dateModified\":\"2023-03-20T11:49:00+00:00\",\"description\":\"In addition to it's conservation efforts, Iceland remains a breath-taking and picturesque country filled with plenty of natural wonder.\",\"breadcrumb\":{\"@id\":\"https:\/\/stagingsixrivers.com\/news-gallery\/#breadcrumb\"},\"inLanguage\":\"is\",\"potentialAction\":[{\"@type\":\"ReadAction\",\"target\":[\"https:\/\/stagingsixrivers.com\/news-gallery\/\"]}]},{\"@type\":\"BreadcrumbList\",\"@id\":\"https:\/\/stagingsixrivers.com\/news-gallery\/#breadcrumb\",\"itemListElement\":[{\"@type\":\"ListItem\",\"position\":1,\"name\":\"Home\",\"item\":\"https:\/\/stagingsixrivers.com\/\"},{\"@type\":\"ListItem\",\"position\":2,\"name\":\"News &amp; gallery\"}]},{\"@type\":\"WebSite\",\"@id\":\"https:\/\/stagingsixrivers.com\/#website\",\"url\":\"https:\/\/stagingsixrivers.com\/\",\"name\":\"stagingsixrivers.com\",\"description\":\"\",\"publisher\":{\"@id\":\"https:\/\/stagingsixrivers.com\/#organization\"},\"potentialAction\":[{\"@type\":\"SearchAction\",\"target\":{\"@type\":\"EntryPoint\",\"urlTemplate\":\"https:\/\/stagingsixrivers.com\/?s={search_term_string}\"},\"query-input\":\"required name=search_term_string\"}],\"inLanguage\":\"is\"},{\"@type\":\"Organization\",\"@id\":\"https:\/\/stagingsixrivers.com\/#organization\",\"name\":\"stagingsixrivers.com\",\"url\":\"https:\/\/stagingsixrivers.com\/\",\"logo\":{\"@type\":\"ImageObject\",\"inLanguage\":\"is\",\"@id\":\"https:\/\/stagingsixrivers.com\/#\/schema\/logo\/image\/\",\"url\":\"https:\/\/stagingsixrivers.com\/wp-content\/uploads\/2023\/02\/Logo.svg\",\"contentUrl\":\"https:\/\/stagingsixrivers.com\/wp-content\/uploads\/2023\/02\/Logo.svg\",\"width\":220,\"height\":44,\"caption\":\"stagingsixrivers.com\"},\"image\":{\"@id\":\"https:\/\/stagingsixrivers.com\/#\/schema\/logo\/image\/\"}}]}<\/script>\n<!-- \/ Yoast SEO plugin. -->","yoast_head_json":{"title":"News &amp; gallery - stagingsixrivers.com","description":"In addition to it's conservation efforts, Iceland remains a breath-taking and picturesque country filled with plenty of natural wonder.","robots":{"index":"noindex","follow":"follow","max-snippet":"max-snippet:-1","max-image-preview":"max-image-preview:large","max-video-preview":"max-video-preview:-1"},"og_locale":"is_IS","og_type":"article","og_title":"News &amp; gallery - stagingsixrivers.com","og_description":"In addition to it's conservation efforts, Iceland remains a breath-taking and picturesque country filled with plenty of natural wonder.","og_url":"https:\/\/stagingsixrivers.com\/is\/news-gallery\/","og_site_name":"stagingsixrivers.com","article_modified_time":"2023-03-20T11:49:00+00:00","twitter_card":"summary_large_image","schema":{"@context":"https:\/\/schema.org","@graph":[{"@type":"WebPage","@id":"https:\/\/stagingsixrivers.com\/news-gallery\/","url":"https:\/\/stagingsixrivers.com\/news-gallery\/","name":"News &amp; gallery - stagingsixrivers.com","isPartOf":{"@id":"https:\/\/stagingsixrivers.com\/#website"},"datePublished":"2023-02-08T08:51:38+00:00","dateModified":"2023-03-20T11:49:00+00:00","description":"In addition to it's conservation efforts, Iceland remains a breath-taking and picturesque country filled with plenty of natural wonder.","breadcrumb":{"@id":"https:\/\/stagingsixrivers.com\/news-gallery\/#breadcrumb"},"inLanguage":"is","potentialAction":[{"@type":"ReadAction","target":["https:\/\/stagingsixrivers.com\/news-gallery\/"]}]},{"@type":"BreadcrumbList","@id":"https:\/\/stagingsixrivers.com\/news-gallery\/#breadcrumb","itemListElement":[{"@type":"ListItem","position":1,"name":"Home","item":"https:\/\/stagingsixrivers.com\/"},{"@type":"ListItem","position":2,"name":"News &amp; gallery"}]},{"@type":"WebSite","@id":"https:\/\/stagingsixrivers.com\/#website","url":"https:\/\/stagingsixrivers.com\/","name":"stagingsixrivers.com","description":"","publisher":{"@id":"https:\/\/stagingsixrivers.com\/#organization"},"potentialAction":[{"@type":"SearchAction","target":{"@type":"EntryPoint","urlTemplate":"https:\/\/stagingsixrivers.com\/?s={search_term_string}"},"query-input":"required name=search_term_string"}],"inLanguage":"is"},{"@type":"Organization","@id":"https:\/\/stagingsixrivers.com\/#organization","name":"stagingsixrivers.com","url":"https:\/\/stagingsixrivers.com\/","logo":{"@type":"ImageObject","inLanguage":"is","@id":"https:\/\/stagingsixrivers.com\/#\/schema\/logo\/image\/","url":"https:\/\/stagingsixrivers.com\/wp-content\/uploads\/2023\/02\/Logo.svg","contentUrl":"https:\/\/stagingsixrivers.com\/wp-content\/uploads\/2023\/02\/Logo.svg","width":220,"height":44,"caption":"stagingsixrivers.com"},"image":{"@id":"https:\/\/stagingsixrivers.com\/#\/schema\/logo\/image\/"}}]}},"_links":{"self":[{"href":"https:\/\/stagingsixrivers.com\/is\/wp-json\/wp\/v2\/pages\/37"}],"collection":[{"href":"https:\/\/stagingsixrivers.com\/is\/wp-json\/wp\/v2\/pages"}],"about":[{"href":"https:\/\/stagingsixrivers.com\/is\/wp-json\/wp\/v2\/types\/page"}],"author":[{"embeddable":true,"href":"https:\/\/stagingsixrivers.com\/is\/wp-json\/wp\/v2\/users\/1"}],"replies":[{"embeddable":true,"href":"https:\/\/stagingsixrivers.com\/is\/wp-json\/wp\/v2\/comments?post=37"}],"version-history":[{"count":88,"href":"https:\/\/stagingsixrivers.com\/is\/wp-json\/wp\/v2\/pages\/37\/revisions"}],"predecessor-version":[{"id":2890,"href":"https:\/\/stagingsixrivers.com\/is\/wp-json\/wp\/v2\/pages\/37\/revisions\/2890"}],"wp:attachment":[{"href":"https:\/\/stagingsixrivers.com\/is\/wp-json\/wp\/v2\/media?parent=37"}],"curies":[{"name":"wp","href":"https:\/\/api.w.org\/{rel}","templated":true}]}}